{"id":11,"date":"2024-08-28T13:45:26","date_gmt":"2024-08-28T13:45:26","guid":{"rendered":"https:\/\/frosty-mirzakhani.212-72-183-70.plesk.page\/?page_id=11"},"modified":"2025-01-18T10:21:02","modified_gmt":"2025-01-18T10:21:02","slug":"ueber-mich","status":"publish","type":"page","link":"https:\/\/nicole-ebel.de\/?page_id=11","title":{"rendered":"\u00dcber mich"},"content":{"rendered":"\n<p>Nicole Ebel<\/p>\n\n\n\n<div class=\"wp-block-columns is-layout-flex wp-container-core-columns-is-layout-28f84493 wp-block-columns-is-layout-flex\">\n<div class=\"wp-block-column is-layout-flow wp-block-column-is-layout-flow\">\n<figure class=\"wp-block-image size-large\"><img loading=\"lazy\" decoding=\"async\" width=\"878\" height=\"1024\" src=\"https:\/\/nicole-ebel.de\/wp-content\/uploads\/2024\/12\/Ueber-mich-878x1024.jpg\" alt=\"\" class=\"wp-image-177\" style=\"aspect-ratio:2\/3;object-fit:cover\" srcset=\"https:\/\/nicole-ebel.de\/wp-content\/uploads\/2024\/12\/Ueber-mich-878x1024.jpg 878w, https:\/\/nicole-ebel.de\/wp-content\/uploads\/2024\/12\/Ueber-mich-257x300.jpg 257w, https:\/\/nicole-ebel.de\/wp-content\/uploads\/2024\/12\/Ueber-mich-768x896.jpg 768w, https:\/\/nicole-ebel.de\/wp-content\/uploads\/2024\/12\/Ueber-mich-1316x1536.jpg 1316w, https:\/\/nicole-ebel.de\/wp-content\/uploads\/2024\/12\/Ueber-mich.jpg 1755w\" sizes=\"auto, (max-width: 878px) 100vw, 878px\" \/><\/figure>\n<\/div>\n\n\n\n<div class=\"wp-block-column is-layout-flow wp-block-column-is-layout-flow\">\n<p>Mit 9 Jahren bekam ich meinen ersten Klavierunterricht bei Paul Becker, mit 14 Jahren spielte ich das erste Mal im Gottesdienst Orgel. Ich schloss erfolgreich die D- und C-Pr\u00fcfung ab.<\/p>\n\n\n\n<p>Seit meiner Pr\u00fcfung zur Kirchenmusikerin im Jahr 1997 leite ich diverse Ch\u00f6re verschiedener Gattungen in der n\u00e4heren und weiteren Umgebung. Seitdem bin ich als Organistin bei der evangelischen Kirchengemeinde M\u00fcnster t\u00e4tig und spiele regelm\u00e4\u00dfig in den Gottesdiensten.<\/p>\n\n\n\n<p>2003-2005 widmete ich mich im Besonderen den Fortbildungen im p\u00e4dagogischen Bereich wie \u201eelementare Musikerziehung\u201c und Kinderchorleitung und ich konnte unter anderem an der Freiherr-vom-Stein Schule in Dauborn diese Kenntnisse festigen.<\/p>\n<\/div>\n<\/div>\n\n\n\n<p>Gesangsunterricht bei Enik\u00f6 Szendrey, Kirsten Schierbaum und aktuell bei Mateo Mart\u00ednez runden die musikalische Ausbildung bis heute ab.<\/p>\n\n\n\n<p>2023 begann ich die Ausbildung zur \u201eSchneemann\u201c Klavierlehrerin (ein neuartiges Klavierlernsystem nach den Prinzipien des ganzheitlichen Lernens) bei Mailyn Rebecca Henseler und schloss es 2024 erfolgreich ab.<\/p>\n\n\n\n<p>Mit diesem Lernsystem habe ich 2024 den pianistischen Studiengang eingeschlagen und werde ihn im Jahr 2027 beendet haben.<\/p>\n\n\n\n<p>Ich bin au\u00dferdem neben meiner T\u00e4tigkeit als Chorleiterin, Gesangs- und Stimmbildnerin und Klavierlehrerin Teil des Musikausschusses Limburg und Kreischorleiterin im S\u00e4ngerkreis Oberlahn.<\/p>\n\n\n\n<p><\/p>\n","protected":false},"excerpt":{"rendered":"<p>Nicole Ebel Mit 9 Jahren bekam ich meinen ersten Klavierunterricht bei Paul Becker, mit 14 Jahren spielte ich das erste Mal im Gottesdienst Orgel. Ich schloss erfolgreich die D- und C-Pr\u00fcfung ab. Seit meiner Pr\u00fcfung zur Kirchenmusikerin im Jahr 1997 leite ich diverse Ch\u00f6re verschiedener Gattungen in der n\u00e4heren und [&hellip;]<\/p>\n","protected":false},"author":2,"featured_media":0,"parent":0,"menu_order":0,"comment_status":"closed","ping_status":"closed","template":"","meta":{"_themeisle_gutenberg_block_has_review":false,"footnotes":""},"class_list":["post-11","page","type-page","status-publish","hentry"],"_links":{"self":[{"href":"https:\/\/nicole-ebel.de\/index.php?rest_route=\/wp\/v2\/pages\/11","targetHints":{"allow":["GET"]}}],"collection":[{"href":"https:\/\/nicole-ebel.de\/index.php?rest_route=\/wp\/v2\/pages"}],"about":[{"href":"https:\/\/nicole-ebel.de\/index.php?rest_route=\/wp\/v2\/types\/page"}],"author":[{"embeddable":true,"href":"https:\/\/nicole-ebel.de\/index.php?rest_route=\/wp\/v2\/users\/2"}],"replies":[{"embeddable":true,"href":"https:\/\/nicole-ebel.de\/index.php?rest_route=%2Fwp%2Fv2%2Fcomments&post=11"}],"version-history":[{"count":13,"href":"https:\/\/nicole-ebel.de\/index.php?rest_route=\/wp\/v2\/pages\/11\/revisions"}],"predecessor-version":[{"id":238,"href":"https:\/\/nicole-ebel.de\/index.php?rest_route=\/wp\/v2\/pages\/11\/revisions\/238"}],"wp:attachment":[{"href":"https:\/\/nicole-ebel.de\/index.php?rest_route=%2Fwp%2Fv2%2Fmedia&parent=11"}],"curies":[{"name":"wp","href":"https:\/\/api.w.org\/{rel}","templated":true}]}}