{"id":9,"date":"2024-08-28T13:44:59","date_gmt":"2024-08-28T13:44:59","guid":{"rendered":"https:\/\/frosty-mirzakhani.212-72-183-70.plesk.page\/?page_id=9"},"modified":"2024-11-16T15:48:03","modified_gmt":"2024-11-16T15:48:03","slug":"willkommen","status":"publish","type":"page","link":"https:\/\/nicole-ebel.de\/","title":{"rendered":"Willkommen"},"content":{"rendered":"\n<p>Musik ist die Sprache der Seele<\/p>\n\n\n\n<p>Das beste in der Musik steht nicht in den Noten &#8211; Gustav Mahler<\/p>\n\n\n\n<p>Wo Sprache aufh\u00f6rt, f\u00e4ngt Musik an &#8211; E. T. A. Hoffmann<\/p>\n\n\n\n<p>Im Wesen der Musik liegt es, Freude zu machen &#8211; Aristoteles<\/p>\n\n\n\n<p>Die Musik dr\u00fcckt aus, was nicht gesagt werden kann und wor\u00fcber zu schweigen unm\u00f6glich ist &#8211; Viktor Hugo<\/p>\n\n\n\n<p>Ohne Musik w\u00e4re das Leben ein Irrtum- Friedrich Nietzsche<\/p>\n\n\n\n<p>Ohne Musik w\u00e4re alles nichts &#8211; Wolfgang Amadeus Mozart<\/p>\n\n\n\n<p>Schon ein ganz kleines Lied kann viel Dunkel erhellen &#8211; Franz von Assisi<\/p>\n\n\n\n<p>Musik kann die Welt ver\u00e4ndern- Ludwig van Beethoven<\/p>\n","protected":false},"excerpt":{"rendered":"<p>Musik ist die Sprache der Seele Das beste in der Musik steht nicht in den Noten &#8211; Gustav Mahler Wo Sprache aufh\u00f6rt, f\u00e4ngt Musik an &#8211; E. T. A. Hoffmann Im Wesen der Musik liegt es, Freude zu machen &#8211; Aristoteles Die Musik dr\u00fcckt aus, was nicht gesagt werden kann [&hellip;]<\/p>\n","protected":false},"author":2,"featured_media":0,"parent":0,"menu_order":0,"comment_status":"closed","ping_status":"closed","template":"","meta":{"_themeisle_gutenberg_block_has_review":false,"footnotes":""},"class_list":["post-9","page","type-page","status-publish","hentry"],"_links":{"self":[{"href":"https:\/\/nicole-ebel.de\/index.php?rest_route=\/wp\/v2\/pages\/9","targetHints":{"allow":["GET"]}}],"collection":[{"href":"https:\/\/nicole-ebel.de\/index.php?rest_route=\/wp\/v2\/pages"}],"about":[{"href":"https:\/\/nicole-ebel.de\/index.php?rest_route=\/wp\/v2\/types\/page"}],"author":[{"embeddable":true,"href":"https:\/\/nicole-ebel.de\/index.php?rest_route=\/wp\/v2\/users\/2"}],"replies":[{"embeddable":true,"href":"https:\/\/nicole-ebel.de\/index.php?rest_route=%2Fwp%2Fv2%2Fcomments&post=9"}],"version-history":[{"count":1,"href":"https:\/\/nicole-ebel.de\/index.php?rest_route=\/wp\/v2\/pages\/9\/revisions"}],"predecessor-version":[{"id":122,"href":"https:\/\/nicole-ebel.de\/index.php?rest_route=\/wp\/v2\/pages\/9\/revisions\/122"}],"wp:attachment":[{"href":"https:\/\/nicole-ebel.de\/index.php?rest_route=%2Fwp%2Fv2%2Fmedia&parent=9"}],"curies":[{"name":"wp","href":"https:\/\/api.w.org\/{rel}","templated":true}]}}